{"id":9,"date":"2015-07-27T22:38:12","date_gmt":"2015-07-27T22:38:12","guid":{"rendered":"http:\/\/localhost\/portosuites\/?page_id=9"},"modified":"2024-02-20T12:56:51","modified_gmt":"2024-02-20T15:56:51","slug":"lazer","status":"publish","type":"page","link":"https:\/\/portosuitesnatalhotel.com.br\/index.php\/pt\/lazer\/","title":{"rendered":"Lazer"},"content":{"rendered":"<p style=\"text-align: justify;\">O restaurante Aratu\u00e1, com vista para praia, tem capacidade para 150 pessoas, em seus dois ambientes. Em sua \u00e1rea externa os h\u00f3spedes poder\u00e3o desfrutar de agrad\u00e1vel espa\u00e7o em frente ao mar, j\u00e1 na \u00e1rea interna s\u00e3o dois pisos r\u00fasticos e um diversificado bar.<br \/>\nDeck panor\u00e2mico com piscina e vista para a Praia dos Artistas.<br \/>\nSolarium, lindo espa\u00e7o para relaxar, com vista para o mar &#8211; uma vis\u00e3o inesquec\u00edvel!<\/p>\n<div id=\"small-slideshow\" class=\"carousel slide\" data-ride=\"carousel\">\n    <h2 class=\"title\">Fotos<\/h2>\n<div id=\"gallery\">\n    <div class=\"row\">\n        <div class=\"col-xs-12\">\n            <div class=\"gallery-controls\">\n                <a class=\"gallery-control left\" href=\"#small-slideshow\" role=\"button\" data-slide=\"prev\">\n                    <img src=\"https:\/\/portosuitesnatalhotel.com.br\/wp-content\/themes\/portosuites\/images\/gallery-control-l.png\" alt=\"Anterior\">\n                <\/a>\n                <a class=\"gallery-control right\" href=\"#small-slideshow\" role=\"button\" data-slide=\"next\">\n                    <img src=\"https:\/\/portosuitesnatalhotel.com.br\/wp-content\/themes\/portosuites\/images\/gallery-control-r.png\" alt=\"Pr\u00f3ximo\">\n                <\/a>\n            <\/div>\n        <\/div>\n    <\/div>\n\n    <div class=\"carousel-inner\" role=\"listbox\">\n                            <div class=\"row item active\">\n                                    <div class=\"col-xs-3 thumbnail\">\n                        <a class=\"magnific\" href=\"https:\/\/portosuitesnatalhotel.com.br\/wp-content\/uploads\/2015\/07\/rest.jpg\">\n                            <div class=\"overlay\">\n    <img width=\"134\" height=\"137\" src=\"https:\/\/portosuitesnatalhotel.com.br\/wp-content\/themes\/portosuites\/images\/overlay.png\">\n<\/div>                            <img src=\"https:\/\/portosuitesnatalhotel.com.br\/wp-content\/uploads\/2015\/07\/rest-189x157.jpg\" width=\"189\" height=\"157\">\n                        <\/a>\n                    <\/div>\n                                    <div class=\"col-xs-3 thumbnail\">\n                        <a class=\"magnific\" href=\"https:\/\/portosuitesnatalhotel.com.br\/wp-content\/uploads\/2015\/07\/psc011.jpg\">\n                            <div class=\"overlay\">\n    <img width=\"134\" height=\"137\" src=\"https:\/\/portosuitesnatalhotel.com.br\/wp-content\/themes\/portosuites\/images\/overlay.png\">\n<\/div>                            <img src=\"https:\/\/portosuitesnatalhotel.com.br\/wp-content\/uploads\/2015\/07\/psc011-189x157.jpg\" width=\"189\" height=\"157\">\n                        <\/a>\n                    <\/div>\n                                    <div class=\"col-xs-3 thumbnail\">\n                        <a class=\"magnific\" href=\"https:\/\/portosuitesnatalhotel.com.br\/wp-content\/uploads\/2015\/07\/psc07.jpg\">\n                            <div class=\"overlay\">\n    <img width=\"134\" height=\"137\" src=\"https:\/\/portosuitesnatalhotel.com.br\/wp-content\/themes\/portosuites\/images\/overlay.png\">\n<\/div>                            <img src=\"https:\/\/portosuitesnatalhotel.com.br\/wp-content\/uploads\/2015\/07\/psc07-189x157.jpg\" width=\"189\" height=\"157\">\n                        <\/a>\n                    <\/div>\n                                    <div class=\"col-xs-3 thumbnail\">\n                        <a class=\"magnific\" href=\"https:\/\/portosuitesnatalhotel.com.br\/wp-content\/uploads\/2015\/07\/psc05.jpg\">\n                            <div class=\"overlay\">\n    <img width=\"134\" height=\"137\" src=\"https:\/\/portosuitesnatalhotel.com.br\/wp-content\/themes\/portosuites\/images\/overlay.png\">\n<\/div>                            <img src=\"https:\/\/portosuitesnatalhotel.com.br\/wp-content\/uploads\/2015\/07\/psc05-189x157.jpg\" width=\"189\" height=\"157\">\n                        <\/a>\n                    <\/div>\n                            <\/div>\n                    <div class=\"row item\">\n                                    <div class=\"col-xs-3 thumbnail\">\n                        <a class=\"magnific\" href=\"https:\/\/portosuitesnatalhotel.com.br\/wp-content\/uploads\/2015\/07\/psc09.jpg\">\n                            <div class=\"overlay\">\n    <img width=\"134\" height=\"137\" src=\"https:\/\/portosuitesnatalhotel.com.br\/wp-content\/themes\/portosuites\/images\/overlay.png\">\n<\/div>                            <img src=\"https:\/\/portosuitesnatalhotel.com.br\/wp-content\/uploads\/2015\/07\/psc09-189x157.jpg\" width=\"189\" height=\"157\">\n                        <\/a>\n                    <\/div>\n                                    <div class=\"col-xs-3 thumbnail\">\n                        <a class=\"magnific\" href=\"https:\/\/portosuitesnatalhotel.com.br\/wp-content\/uploads\/2015\/07\/psc08.jpg\">\n                            <div class=\"overlay\">\n    <img width=\"134\" height=\"137\" src=\"https:\/\/portosuitesnatalhotel.com.br\/wp-content\/themes\/portosuites\/images\/overlay.png\">\n<\/div>                            <img src=\"https:\/\/portosuitesnatalhotel.com.br\/wp-content\/uploads\/2015\/07\/psc08-189x157.jpg\" width=\"189\" height=\"157\">\n                        <\/a>\n                    <\/div>\n                                    <div class=\"col-xs-3 thumbnail\">\n                        <a class=\"magnific\" href=\"https:\/\/portosuitesnatalhotel.com.br\/wp-content\/uploads\/2015\/07\/psc11.jpg\">\n                            <div class=\"overlay\">\n    <img width=\"134\" height=\"137\" src=\"https:\/\/portosuitesnatalhotel.com.br\/wp-content\/themes\/portosuites\/images\/overlay.png\">\n<\/div>                            <img src=\"https:\/\/portosuitesnatalhotel.com.br\/wp-content\/uploads\/2015\/07\/psc11-189x157.jpg\" width=\"189\" height=\"157\">\n                        <\/a>\n                    <\/div>\n                                    <div class=\"col-xs-3 thumbnail\">\n                        <a class=\"magnific\" href=\"https:\/\/portosuitesnatalhotel.com.br\/wp-content\/uploads\/2015\/07\/0CAFE\u0301-DA-MANHA\u0303-6.jpg\">\n                            <div class=\"overlay\">\n    <img width=\"134\" height=\"137\" src=\"https:\/\/portosuitesnatalhotel.com.br\/wp-content\/themes\/portosuites\/images\/overlay.png\">\n<\/div>                            <img src=\"https:\/\/portosuitesnatalhotel.com.br\/wp-content\/uploads\/2015\/07\/0CAFE\u0301-DA-MANHA\u0303-6-189x157.jpg\" width=\"189\" height=\"157\">\n                        <\/a>\n                    <\/div>\n                            <\/div>\n                    <div class=\"row item\">\n                                    <div class=\"col-xs-3 thumbnail\">\n                        <a class=\"magnific\" href=\"https:\/\/portosuitesnatalhotel.com.br\/wp-content\/uploads\/2015\/07\/0CAFE\u0301-DA-MANHA\u0303-7.jpg\">\n                            <div class=\"overlay\">\n    <img width=\"134\" height=\"137\" src=\"https:\/\/portosuitesnatalhotel.com.br\/wp-content\/themes\/portosuites\/images\/overlay.png\">\n<\/div>                            <img src=\"https:\/\/portosuitesnatalhotel.com.br\/wp-content\/uploads\/2015\/07\/0CAFE\u0301-DA-MANHA\u0303-7-189x157.jpg\" width=\"189\" height=\"157\">\n                        <\/a>\n                    <\/div>\n                                    <div class=\"col-xs-3 thumbnail\">\n                        <a class=\"magnific\" href=\"https:\/\/portosuitesnatalhotel.com.br\/wp-content\/uploads\/2015\/07\/0CAFE\u0301-DA-MANHA\u0303-8.jpg\">\n                            <div class=\"overlay\">\n    <img width=\"134\" height=\"137\" src=\"https:\/\/portosuitesnatalhotel.com.br\/wp-content\/themes\/portosuites\/images\/overlay.png\">\n<\/div>                            <img src=\"https:\/\/portosuitesnatalhotel.com.br\/wp-content\/uploads\/2015\/07\/0CAFE\u0301-DA-MANHA\u0303-8-189x157.jpg\" width=\"189\" height=\"157\">\n                        <\/a>\n                    <\/div>\n                                    <div class=\"col-xs-3 thumbnail\">\n                        <a class=\"magnific\" href=\"https:\/\/portosuitesnatalhotel.com.br\/wp-content\/uploads\/2015\/07\/0PISCINA-2.jpg\">\n                            <div class=\"overlay\">\n    <img width=\"134\" height=\"137\" src=\"https:\/\/portosuitesnatalhotel.com.br\/wp-content\/themes\/portosuites\/images\/overlay.png\">\n<\/div>                            <img src=\"https:\/\/portosuitesnatalhotel.com.br\/wp-content\/uploads\/2015\/07\/0PISCINA-2-189x157.jpg\" width=\"189\" height=\"157\">\n                        <\/a>\n                    <\/div>\n                                    <div class=\"col-xs-3 thumbnail\">\n                        <a class=\"magnific\" href=\"https:\/\/portosuitesnatalhotel.com.br\/wp-content\/uploads\/2015\/07\/0PISCINA-3.jpg\">\n                            <div class=\"overlay\">\n    <img width=\"134\" height=\"137\" src=\"https:\/\/portosuitesnatalhotel.com.br\/wp-content\/themes\/portosuites\/images\/overlay.png\">\n<\/div>                            <img src=\"https:\/\/portosuitesnatalhotel.com.br\/wp-content\/uploads\/2015\/07\/0PISCINA-3-189x157.jpg\" width=\"189\" height=\"157\">\n                        <\/a>\n                    <\/div>\n                            <\/div>\n                    <div class=\"row item\">\n                                    <div class=\"col-xs-3 thumbnail\">\n                        <a class=\"magnific\" href=\"https:\/\/portosuitesnatalhotel.com.br\/wp-content\/uploads\/2015\/07\/0PISCINA.jpg\">\n                            <div class=\"overlay\">\n    <img width=\"134\" height=\"137\" src=\"https:\/\/portosuitesnatalhotel.com.br\/wp-content\/themes\/portosuites\/images\/overlay.png\">\n<\/div>                            <img src=\"https:\/\/portosuitesnatalhotel.com.br\/wp-content\/uploads\/2015\/07\/0PISCINA-189x157.jpg\" width=\"189\" height=\"157\">\n                        <\/a>\n                    <\/div>\n                                    <div class=\"col-xs-3 thumbnail\">\n                        <a class=\"magnific\" href=\"https:\/\/portosuitesnatalhotel.com.br\/wp-content\/uploads\/2015\/07\/0VISTA.jpg\">\n                            <div class=\"overlay\">\n    <img width=\"134\" height=\"137\" src=\"https:\/\/portosuitesnatalhotel.com.br\/wp-content\/themes\/portosuites\/images\/overlay.png\">\n<\/div>                            <img src=\"https:\/\/portosuitesnatalhotel.com.br\/wp-content\/uploads\/2015\/07\/0VISTA-189x157.jpg\" width=\"189\" height=\"157\">\n                        <\/a>\n                    <\/div>\n                            <\/div>\n            <\/div>\n<\/div><\/div>\n","protected":false},"excerpt":{"rendered":"<p>O restaurante Aratu\u00e1, com vista para praia, tem capacidade para 150 pessoas, em seus dois ambientes. Em sua \u00e1rea externa os h\u00f3spedes poder\u00e3o desfrutar de agrad\u00e1vel espa\u00e7o em frente ao mar, j\u00e1 na \u00e1rea interna s\u00e3o dois pisos r\u00fasticos e um diversificado bar. Deck panor\u00e2mico com piscina e vista para a Praia dos Artistas. Solarium, [&hellip;]<\/p>\n","protected":false},"author":1,"featured_media":562,"parent":0,"menu_order":0,"comment_status":"closed","ping_status":"closed","template":"","meta":[],"_links":{"self":[{"href":"https:\/\/portosuitesnatalhotel.com.br\/index.php\/wp-json\/wp\/v2\/pages\/9"}],"collection":[{"href":"https:\/\/portosuitesnatalhotel.com.br\/index.php\/wp-json\/wp\/v2\/pages"}],"about":[{"href":"https:\/\/portosuitesnatalhotel.com.br\/index.php\/wp-json\/wp\/v2\/types\/page"}],"author":[{"embeddable":true,"href":"https:\/\/portosuitesnatalhotel.com.br\/index.php\/wp-json\/wp\/v2\/users\/1"}],"replies":[{"embeddable":true,"href":"https:\/\/portosuitesnatalhotel.com.br\/index.php\/wp-json\/wp\/v2\/comments?post=9"}],"version-history":[{"count":10,"href":"https:\/\/portosuitesnatalhotel.com.br\/index.php\/wp-json\/wp\/v2\/pages\/9\/revisions"}],"predecessor-version":[{"id":744,"href":"https:\/\/portosuitesnatalhotel.com.br\/index.php\/wp-json\/wp\/v2\/pages\/9\/revisions\/744"}],"wp:featuredmedia":[{"embeddable":true,"href":"https:\/\/portosuitesnatalhotel.com.br\/index.php\/wp-json\/wp\/v2\/media\/562"}],"wp:attachment":[{"href":"https:\/\/portosuitesnatalhotel.com.br\/index.php\/wp-json\/wp\/v2\/media?parent=9"}],"curies":[{"name":"wp","href":"https:\/\/api.w.org\/{rel}","templated":true}]}}