{"id":2,"date":"2015-07-27T21:23:18","date_gmt":"2015-07-27T21:23:18","guid":{"rendered":"http:\/\/localhost\/portosuites\/?page_id=2"},"modified":"2023-10-11T15:06:38","modified_gmt":"2023-10-11T18:06:38","slug":"home","status":"publish","type":"page","link":"https:\/\/portosuitesnatalhotel.com.br\/index.php\/pt\/home\/","title":{"rendered":"Seja bem-vindo ao Porto Su\u00edtes!"},"content":{"rendered":"<p>Venha se hospedar em um confort\u00e1vel hotel em frente ao mar, que oferece um novo conceito em qualidade, pr\u00f3ximo aos principais pontos tur\u00edsticos da cidade.<\/p>\n<div id=\"small-slideshow\" class=\"carousel slide\" data-ride=\"carousel\">\n    <h2 class=\"title\">Fotos<\/h2>\n<div id=\"gallery\">\n    <div class=\"row\">\n        <div class=\"col-xs-12\">\n            <div class=\"gallery-controls\">\n                <a class=\"gallery-control left\" href=\"#small-slideshow\" role=\"button\" data-slide=\"prev\">\n                    <img src=\"https:\/\/portosuitesnatalhotel.com.br\/wp-content\/themes\/portosuites\/images\/gallery-control-l.png\" alt=\"Anterior\">\n                <\/a>\n                <a class=\"gallery-control right\" href=\"#small-slideshow\" role=\"button\" data-slide=\"next\">\n                    <img src=\"https:\/\/portosuitesnatalhotel.com.br\/wp-content\/themes\/portosuites\/images\/gallery-control-r.png\" alt=\"Pr\u00f3ximo\">\n                <\/a>\n            <\/div>\n        <\/div>\n    <\/div>\n\n    <div class=\"carousel-inner\" role=\"listbox\">\n                            <div class=\"row item active\">\n                                    <div class=\"col-xs-3 thumbnail\">\n                        <a class=\"magnific\" href=\"https:\/\/portosuitesnatalhotel.com.br\/wp-content\/uploads\/2023\/10\/COMUNICADOMANUTENCAO.jpeg\">\n                            <div class=\"overlay\">\n    <img width=\"134\" height=\"137\" src=\"https:\/\/portosuitesnatalhotel.com.br\/wp-content\/themes\/portosuites\/images\/overlay.png\">\n<\/div>                            <img src=\"https:\/\/portosuitesnatalhotel.com.br\/wp-content\/uploads\/2023\/10\/COMUNICADOMANUTENCAO-189x157.jpeg\" width=\"189\" height=\"157\">\n                        <\/a>\n                    <\/div>\n                                    <div class=\"col-xs-3 thumbnail\">\n                        <a class=\"magnific\" href=\"https:\/\/portosuitesnatalhotel.com.br\/wp-content\/uploads\/2021\/04\/banner-site.png\">\n                            <div class=\"overlay\">\n    <img width=\"134\" height=\"137\" src=\"https:\/\/portosuitesnatalhotel.com.br\/wp-content\/themes\/portosuites\/images\/overlay.png\">\n<\/div>                            <img src=\"https:\/\/portosuitesnatalhotel.com.br\/wp-content\/uploads\/2021\/04\/banner-site-189x157.png\" width=\"189\" height=\"157\">\n                        <\/a>\n                    <\/div>\n                                    <div class=\"col-xs-3 thumbnail\">\n                        <a class=\"magnific\" href=\"https:\/\/portosuitesnatalhotel.com.br\/wp-content\/uploads\/2015\/07\/slide01.jpg\">\n                            <div class=\"overlay\">\n    <img width=\"134\" height=\"137\" src=\"https:\/\/portosuitesnatalhotel.com.br\/wp-content\/themes\/portosuites\/images\/overlay.png\">\n<\/div>                            <img src=\"https:\/\/portosuitesnatalhotel.com.br\/wp-content\/uploads\/2015\/07\/slide01-189x157.jpg\" width=\"189\" height=\"157\">\n                        <\/a>\n                    <\/div>\n                                    <div class=\"col-xs-3 thumbnail\">\n                        <a class=\"magnific\" href=\"https:\/\/portosuitesnatalhotel.com.br\/wp-content\/uploads\/2015\/07\/banner_piscina_deck_churrasqueira_1600x600px.jpg\">\n                            <div class=\"overlay\">\n    <img width=\"134\" height=\"137\" src=\"https:\/\/portosuitesnatalhotel.com.br\/wp-content\/themes\/portosuites\/images\/overlay.png\">\n<\/div>                            <img src=\"https:\/\/portosuitesnatalhotel.com.br\/wp-content\/uploads\/2015\/07\/banner_piscina_deck_churrasqueira_1600x600px-189x157.jpg\" width=\"189\" height=\"157\">\n                        <\/a>\n                    <\/div>\n                            <\/div>\n                    <div class=\"row item\">\n                                    <div class=\"col-xs-3 thumbnail\">\n                        <a class=\"magnific\" href=\"https:\/\/portosuitesnatalhotel.com.br\/wp-content\/uploads\/2015\/07\/slide02.jpg\">\n                            <div class=\"overlay\">\n    <img width=\"134\" height=\"137\" src=\"https:\/\/portosuitesnatalhotel.com.br\/wp-content\/themes\/portosuites\/images\/overlay.png\">\n<\/div>                            <img src=\"https:\/\/portosuitesnatalhotel.com.br\/wp-content\/uploads\/2015\/07\/slide02-189x157.jpg\" width=\"189\" height=\"157\">\n                        <\/a>\n                    <\/div>\n                            <\/div>\n            <\/div>\n<\/div><\/div>\n","protected":false},"excerpt":{"rendered":"<p>Venha se hospedar em um confort\u00e1vel hotel em frente ao mar, que oferece um novo conceito em qualidade, pr\u00f3ximo aos principais pontos tur\u00edsticos da cidade.<\/p>\n","protected":false},"author":1,"featured_media":0,"parent":0,"menu_order":0,"comment_status":"open","ping_status":"open","template":"","meta":[],"_links":{"self":[{"href":"https:\/\/portosuitesnatalhotel.com.br\/index.php\/wp-json\/wp\/v2\/pages\/2"}],"collection":[{"href":"https:\/\/portosuitesnatalhotel.com.br\/index.php\/wp-json\/wp\/v2\/pages"}],"about":[{"href":"https:\/\/portosuitesnatalhotel.com.br\/index.php\/wp-json\/wp\/v2\/types\/page"}],"author":[{"embeddable":true,"href":"https:\/\/portosuitesnatalhotel.com.br\/index.php\/wp-json\/wp\/v2\/users\/1"}],"replies":[{"embeddable":true,"href":"https:\/\/portosuitesnatalhotel.com.br\/index.php\/wp-json\/wp\/v2\/comments?post=2"}],"version-history":[{"count":63,"href":"https:\/\/portosuitesnatalhotel.com.br\/index.php\/wp-json\/wp\/v2\/pages\/2\/revisions"}],"predecessor-version":[{"id":736,"href":"https:\/\/portosuitesnatalhotel.com.br\/index.php\/wp-json\/wp\/v2\/pages\/2\/revisions\/736"}],"wp:attachment":[{"href":"https:\/\/portosuitesnatalhotel.com.br\/index.php\/wp-json\/wp\/v2\/media?parent=2"}],"curies":[{"name":"wp","href":"https:\/\/api.w.org\/{rel}","templated":true}]}}